{"id":384,"date":"2021-06-15T17:12:45","date_gmt":"2021-06-15T15:12:45","guid":{"rendered":"http:\/\/r1231608.website.cykf2ckdv.service.one\/?page_id=384"},"modified":"2024-01-08T15:15:17","modified_gmt":"2024-01-08T14:15:17","slug":"local-cuisine","status":"publish","type":"page","link":"https:\/\/panhytter.no\/en\/about-us\/local-cuisine\/","title":{"rendered":"Local cuisine at our caf\u00e9"},"content":{"rendered":"\n<p>Food is history and can reveal much about the area you are in, and we take this very seriously. That&#8217;s why we have opened a caf\u00e9 that operates on weekends during the summer. Caf\u00e9 S\u00f8stuen is idyllically situated by Gjes\u00e5ssj\u00f8en, within walking distance from the cabins, close to the Gjes\u00e5ssj\u00f8en nature reserve teeming with abundant birdlife.<\/p>\n\n<p>Local and organic goods are featured on the menu, and there is also a small farm shop in the same building. Through PAN and Caf\u00e9 S\u00f8stuen, we collaborate with a selection of local businesses and small-scale producers who share the same values as us. Together, we aim to preserve local traditions and emphasize healthy food that tastes good, produced with minimal impact on the environment.<\/p>\n\n<p>We also rent out the caf\u00e9 as a meeting venue outside opening hours, welcoming businesses and larger groups throughout the year.<\/p>\n\n<p><a href=\"https:\/\/www.instagram.com\/sostuen2280\/\">https:\/\/www.instagram.com\/sostuen2280\/<\/a><\/p>\n\n<p><\/p>\n","protected":false},"excerpt":{"rendered":"<p>Food is history and can reveal much about the area you are in, and we take this very seriously. That&#8217;s why we have opened a caf\u00e9 that operates on weekends during the summer. Caf\u00e9 S\u00f8stuen is idyllically situated by Gjes\u00e5ssj\u00f8en, within walking distance from the cabins, close to the Gjes\u00e5ssj\u00f8en nature reserve teeming with abundant [&hellip;]<\/p>\n","protected":false},"author":1,"featured_media":1430,"parent":283,"menu_order":0,"comment_status":"closed","ping_status":"closed","template":"","meta":{"footnotes":""},"class_list":["post-384","page","type-page","status-publish","has-post-thumbnail","hentry"],"yoast_head":"<!-- This site is optimized with the Yoast SEO plugin v27.3 - https:\/\/yoast.com\/product\/yoast-seo-wordpress\/ -->\n<title>Local cuisine - Culinary Experience in Finnskogen | PAN Tree Top Cabins<\/title>\n<meta name=\"description\" content=\"At PAN, guests are offered local food, emphasizing traditional cuisine to provide a unique culinary experience. Enjoy local food during your stay in Finnskogen!\" \/>\n<meta name=\"robots\" content=\"index, follow, max-snippet:-1, max-image-preview:large, max-video-preview:-1\" \/>\n<link rel=\"canonical\" href=\"https:\/\/panhytter.no\/om-oss\/lokalmat\/\" \/>\n<meta property=\"og:locale\" content=\"en_US\" \/>\n<meta property=\"og:type\" content=\"article\" \/>\n<meta property=\"og:title\" content=\"Local cuisine - Culinary Experience in Finnskogen | PAN Tree Top Cabins\" \/>\n<meta property=\"og:description\" content=\"At PAN, guests are offered local food, emphasizing traditional cuisine to provide a unique culinary experience. Enjoy local food during your stay in Finnskogen!\" \/>\n<meta property=\"og:url\" content=\"https:\/\/panhytter.no\/om-oss\/lokalmat\/\" \/>\n<meta property=\"og:site_name\" content=\"Panhytter\" \/>\n<meta property=\"article:modified_time\" content=\"2024-01-08T14:15:17+00:00\" \/>\n<meta property=\"og:image\" content=\"https:\/\/olivedrab-meerkat-699954.hostingersite.com\/wp-content\/uploads\/2023\/06\/kafe-1920.jpg\" \/>\n\t<meta property=\"og:image:width\" content=\"1920\" \/>\n\t<meta property=\"og:image:height\" content=\"850\" \/>\n\t<meta property=\"og:image:type\" content=\"image\/jpeg\" \/>\n<meta name=\"twitter:card\" content=\"summary_large_image\" \/>\n<meta name=\"twitter:label1\" content=\"Est. reading time\" \/>\n\t<meta name=\"twitter:data1\" content=\"1 minute\" \/>\n<script type=\"application\/ld+json\" class=\"yoast-schema-graph\">{\"@context\":\"https:\\\/\\\/schema.org\",\"@graph\":[{\"@type\":\"WebPage\",\"@id\":\"https:\\\/\\\/panhytter.no\\\/om-oss\\\/lokalmat\\\/\",\"url\":\"https:\\\/\\\/panhytter.no\\\/om-oss\\\/lokalmat\\\/\",\"name\":\"Local cuisine - Culinary Experience in Finnskogen | PAN Tree Top Cabins\",\"isPartOf\":{\"@id\":\"https:\\\/\\\/olivedrab-meerkat-699954.hostingersite.com\\\/#website\"},\"primaryImageOfPage\":{\"@id\":\"https:\\\/\\\/panhytter.no\\\/om-oss\\\/lokalmat\\\/#primaryimage\"},\"image\":{\"@id\":\"https:\\\/\\\/panhytter.no\\\/om-oss\\\/lokalmat\\\/#primaryimage\"},\"thumbnailUrl\":\"https:\\\/\\\/panhytter.no\\\/wp-content\\\/uploads\\\/2023\\\/06\\\/kafe-1920.jpg\",\"datePublished\":\"2021-06-15T15:12:45+00:00\",\"dateModified\":\"2024-01-08T14:15:17+00:00\",\"description\":\"At PAN, guests are offered local food, emphasizing traditional cuisine to provide a unique culinary experience. Enjoy local food during your stay in Finnskogen!\",\"breadcrumb\":{\"@id\":\"https:\\\/\\\/panhytter.no\\\/om-oss\\\/lokalmat\\\/#breadcrumb\"},\"inLanguage\":\"en-US\",\"potentialAction\":[{\"@type\":\"ReadAction\",\"target\":[\"https:\\\/\\\/panhytter.no\\\/om-oss\\\/lokalmat\\\/\"]}]},{\"@type\":\"ImageObject\",\"inLanguage\":\"en-US\",\"@id\":\"https:\\\/\\\/panhytter.no\\\/om-oss\\\/lokalmat\\\/#primaryimage\",\"url\":\"https:\\\/\\\/panhytter.no\\\/wp-content\\\/uploads\\\/2023\\\/06\\\/kafe-1920.jpg\",\"contentUrl\":\"https:\\\/\\\/panhytter.no\\\/wp-content\\\/uploads\\\/2023\\\/06\\\/kafe-1920.jpg\",\"width\":1920,\"height\":850,\"caption\":\"Kaf\u00e9 Sostuen\"},{\"@type\":\"BreadcrumbList\",\"@id\":\"https:\\\/\\\/panhytter.no\\\/om-oss\\\/lokalmat\\\/#breadcrumb\",\"itemListElement\":[{\"@type\":\"ListItem\",\"position\":1,\"name\":\"Strona g\u0142\u00f3wna\",\"item\":\"https:\\\/\\\/panhytter.no\\\/\"},{\"@type\":\"ListItem\",\"position\":2,\"name\":\"About Us\",\"item\":\"https:\\\/\\\/panhytter.no\\\/om-oss\\\/\"},{\"@type\":\"ListItem\",\"position\":3,\"name\":\"Local cuisine at our caf\u00e9\"}]},{\"@type\":\"WebSite\",\"@id\":\"https:\\\/\\\/olivedrab-meerkat-699954.hostingersite.com\\\/#website\",\"url\":\"https:\\\/\\\/olivedrab-meerkat-699954.hostingersite.com\\\/\",\"name\":\"Panhytter\",\"description\":\"Unik overnatting p\u00e5 Finnskogen\",\"publisher\":{\"@id\":\"https:\\\/\\\/olivedrab-meerkat-699954.hostingersite.com\\\/#organization\"},\"potentialAction\":[{\"@type\":\"SearchAction\",\"target\":{\"@type\":\"EntryPoint\",\"urlTemplate\":\"https:\\\/\\\/olivedrab-meerkat-699954.hostingersite.com\\\/?s={search_term_string}\"},\"query-input\":{\"@type\":\"PropertyValueSpecification\",\"valueRequired\":true,\"valueName\":\"search_term_string\"}}],\"inLanguage\":\"en-US\"},{\"@type\":\"Organization\",\"@id\":\"https:\\\/\\\/olivedrab-meerkat-699954.hostingersite.com\\\/#organization\",\"name\":\"Panhytter\",\"url\":\"https:\\\/\\\/olivedrab-meerkat-699954.hostingersite.com\\\/\",\"logo\":{\"@type\":\"ImageObject\",\"inLanguage\":\"en-US\",\"@id\":\"https:\\\/\\\/olivedrab-meerkat-699954.hostingersite.com\\\/#\\\/schema\\\/logo\\\/image\\\/\",\"url\":\"http:\\\/\\\/r1231608.website.cykf2ckdv.service.one\\\/wp-content\\\/uploads\\\/2021\\\/06\\\/logo_t@2x.png\",\"contentUrl\":\"http:\\\/\\\/r1231608.website.cykf2ckdv.service.one\\\/wp-content\\\/uploads\\\/2021\\\/06\\\/logo_t@2x.png\",\"width\":77,\"height\":40,\"caption\":\"Panhytter\"},\"image\":{\"@id\":\"https:\\\/\\\/olivedrab-meerkat-699954.hostingersite.com\\\/#\\\/schema\\\/logo\\\/image\\\/\"}}]}<\/script>\n<!-- \/ Yoast SEO plugin. -->","yoast_head_json":{"title":"Local cuisine - Culinary Experience in Finnskogen | PAN Tree Top Cabins","description":"At PAN, guests are offered local food, emphasizing traditional cuisine to provide a unique culinary experience. Enjoy local food during your stay in Finnskogen!","robots":{"index":"index","follow":"follow","max-snippet":"max-snippet:-1","max-image-preview":"max-image-preview:large","max-video-preview":"max-video-preview:-1"},"canonical":"https:\/\/panhytter.no\/om-oss\/lokalmat\/","og_locale":"en_US","og_type":"article","og_title":"Local cuisine - Culinary Experience in Finnskogen | PAN Tree Top Cabins","og_description":"At PAN, guests are offered local food, emphasizing traditional cuisine to provide a unique culinary experience. Enjoy local food during your stay in Finnskogen!","og_url":"https:\/\/panhytter.no\/om-oss\/lokalmat\/","og_site_name":"Panhytter","article_modified_time":"2024-01-08T14:15:17+00:00","og_image":[{"width":1920,"height":850,"url":"https:\/\/olivedrab-meerkat-699954.hostingersite.com\/wp-content\/uploads\/2023\/06\/kafe-1920.jpg","type":"image\/jpeg"}],"twitter_card":"summary_large_image","twitter_misc":{"Est. reading time":"1 minute"},"schema":{"@context":"https:\/\/schema.org","@graph":[{"@type":"WebPage","@id":"https:\/\/panhytter.no\/om-oss\/lokalmat\/","url":"https:\/\/panhytter.no\/om-oss\/lokalmat\/","name":"Local cuisine - Culinary Experience in Finnskogen | PAN Tree Top Cabins","isPartOf":{"@id":"https:\/\/olivedrab-meerkat-699954.hostingersite.com\/#website"},"primaryImageOfPage":{"@id":"https:\/\/panhytter.no\/om-oss\/lokalmat\/#primaryimage"},"image":{"@id":"https:\/\/panhytter.no\/om-oss\/lokalmat\/#primaryimage"},"thumbnailUrl":"https:\/\/panhytter.no\/wp-content\/uploads\/2023\/06\/kafe-1920.jpg","datePublished":"2021-06-15T15:12:45+00:00","dateModified":"2024-01-08T14:15:17+00:00","description":"At PAN, guests are offered local food, emphasizing traditional cuisine to provide a unique culinary experience. Enjoy local food during your stay in Finnskogen!","breadcrumb":{"@id":"https:\/\/panhytter.no\/om-oss\/lokalmat\/#breadcrumb"},"inLanguage":"en-US","potentialAction":[{"@type":"ReadAction","target":["https:\/\/panhytter.no\/om-oss\/lokalmat\/"]}]},{"@type":"ImageObject","inLanguage":"en-US","@id":"https:\/\/panhytter.no\/om-oss\/lokalmat\/#primaryimage","url":"https:\/\/panhytter.no\/wp-content\/uploads\/2023\/06\/kafe-1920.jpg","contentUrl":"https:\/\/panhytter.no\/wp-content\/uploads\/2023\/06\/kafe-1920.jpg","width":1920,"height":850,"caption":"Kaf\u00e9 Sostuen"},{"@type":"BreadcrumbList","@id":"https:\/\/panhytter.no\/om-oss\/lokalmat\/#breadcrumb","itemListElement":[{"@type":"ListItem","position":1,"name":"Strona g\u0142\u00f3wna","item":"https:\/\/panhytter.no\/"},{"@type":"ListItem","position":2,"name":"About Us","item":"https:\/\/panhytter.no\/om-oss\/"},{"@type":"ListItem","position":3,"name":"Local cuisine at our caf\u00e9"}]},{"@type":"WebSite","@id":"https:\/\/olivedrab-meerkat-699954.hostingersite.com\/#website","url":"https:\/\/olivedrab-meerkat-699954.hostingersite.com\/","name":"Panhytter","description":"Unik overnatting p\u00e5 Finnskogen","publisher":{"@id":"https:\/\/olivedrab-meerkat-699954.hostingersite.com\/#organization"},"potentialAction":[{"@type":"SearchAction","target":{"@type":"EntryPoint","urlTemplate":"https:\/\/olivedrab-meerkat-699954.hostingersite.com\/?s={search_term_string}"},"query-input":{"@type":"PropertyValueSpecification","valueRequired":true,"valueName":"search_term_string"}}],"inLanguage":"en-US"},{"@type":"Organization","@id":"https:\/\/olivedrab-meerkat-699954.hostingersite.com\/#organization","name":"Panhytter","url":"https:\/\/olivedrab-meerkat-699954.hostingersite.com\/","logo":{"@type":"ImageObject","inLanguage":"en-US","@id":"https:\/\/olivedrab-meerkat-699954.hostingersite.com\/#\/schema\/logo\/image\/","url":"http:\/\/r1231608.website.cykf2ckdv.service.one\/wp-content\/uploads\/2021\/06\/logo_t@2x.png","contentUrl":"http:\/\/r1231608.website.cykf2ckdv.service.one\/wp-content\/uploads\/2021\/06\/logo_t@2x.png","width":77,"height":40,"caption":"Panhytter"},"image":{"@id":"https:\/\/olivedrab-meerkat-699954.hostingersite.com\/#\/schema\/logo\/image\/"}}]}},"_links":{"self":[{"href":"https:\/\/panhytter.no\/en\/wp-json\/wp\/v2\/pages\/384","targetHints":{"allow":["GET"]}}],"collection":[{"href":"https:\/\/panhytter.no\/en\/wp-json\/wp\/v2\/pages"}],"about":[{"href":"https:\/\/panhytter.no\/en\/wp-json\/wp\/v2\/types\/page"}],"author":[{"embeddable":true,"href":"https:\/\/panhytter.no\/en\/wp-json\/wp\/v2\/users\/1"}],"replies":[{"embeddable":true,"href":"https:\/\/panhytter.no\/en\/wp-json\/wp\/v2\/comments?post=384"}],"version-history":[{"count":3,"href":"https:\/\/panhytter.no\/en\/wp-json\/wp\/v2\/pages\/384\/revisions"}],"predecessor-version":[{"id":2534,"href":"https:\/\/panhytter.no\/en\/wp-json\/wp\/v2\/pages\/384\/revisions\/2534"}],"up":[{"embeddable":true,"href":"https:\/\/panhytter.no\/en\/wp-json\/wp\/v2\/pages\/283"}],"wp:featuredmedia":[{"embeddable":true,"href":"https:\/\/panhytter.no\/en\/wp-json\/wp\/v2\/media\/1430"}],"wp:attachment":[{"href":"https:\/\/panhytter.no\/en\/wp-json\/wp\/v2\/media?parent=384"}],"curies":[{"name":"wp","href":"https:\/\/api.w.org\/{rel}","templated":true}]}}