{"id":2526,"date":"2024-01-08T14:28:48","date_gmt":"2024-01-08T13:28:48","guid":{"rendered":"http:\/\/r1231608.website.cykf2ckdv.service.one\/food\/"},"modified":"2025-10-09T09:25:24","modified_gmt":"2025-10-09T07:25:24","slug":"food","status":"publish","type":"page","link":"https:\/\/panhytter.no\/en\/food\/","title":{"rendered":"Food"},"content":{"rendered":"\t\t<div data-elementor-type=\"wp-page\" data-elementor-id=\"2526\" class=\"elementor elementor-2526 elementor-1646\" data-elementor-post-type=\"page\">\n\t\t\t\t<div class=\"elementor-element elementor-element-297dc54 e-flex e-con-boxed e-con e-parent\" data-id=\"297dc54\" data-element_type=\"container\" data-e-type=\"container\" data-settings=\"{&quot;background_background&quot;:&quot;classic&quot;}\">\n\t\t\t\t\t<div class=\"e-con-inner\">\n\t\t\t\t<div class=\"elementor-element elementor-element-4473f41 elementor-widget elementor-widget-heading\" data-id=\"4473f41\" data-element_type=\"widget\" data-e-type=\"widget\" data-widget_type=\"heading.default\">\n\t\t\t\t<div class=\"elementor-widget-container\">\n\t\t\t\t\t<h1 class=\"elementor-heading-title elementor-size-default\">Food<\/h1>\t\t\t\t<\/div>\n\t\t\t\t<\/div>\n\t\t\t\t<div class=\"elementor-element elementor-element-ba16aba elementor-widget elementor-widget-text-editor\" data-id=\"ba16aba\" data-element_type=\"widget\" data-e-type=\"widget\" data-widget_type=\"text-editor.default\">\n\t\t\t\t<div class=\"elementor-widget-container\">\n\t\t\t\t\t\t\t\t\t<p>The food offering at PAN is a crucial part of our commitment to sustainable tourism. We source our ingredients from local producers and have a selection that varies based on availability and the season.<\/p>\n\t\t\t\t\t\t\t\t<\/div>\n\t\t\t\t<\/div>\n\t\t\t\t\t<\/div>\n\t\t\t\t<\/div>\n\t\t<div class=\"elementor-element elementor-element-5114dee e-con-full e-flex e-con e-parent\" data-id=\"5114dee\" data-element_type=\"container\" data-e-type=\"container\">\n\t\t<div class=\"elementor-element elementor-element-79d6dfe e-con-full e-flex e-con e-child\" data-id=\"79d6dfe\" data-element_type=\"container\" data-e-type=\"container\" data-settings=\"{&quot;background_background&quot;:&quot;slideshow&quot;,&quot;background_slideshow_gallery&quot;:[{&quot;id&quot;:3911,&quot;url&quot;:&quot;https:\\\/\\\/panhytter.no\\\/wp-content\\\/uploads\\\/2025\\\/09\\\/IMG_5481-3.jpg&quot;},{&quot;id&quot;:2132,&quot;url&quot;:&quot;https:\\\/\\\/panhytter.no\\\/wp-content\\\/uploads\\\/2023\\\/12\\\/image-0001.jpeg&quot;},{&quot;id&quot;:3180,&quot;url&quot;:&quot;https:\\\/\\\/panhytter.no\\\/wp-content\\\/uploads\\\/2025\\\/05\\\/Coffeevibe_PAN_SOSTUEN_AndreasKokkvoll_VisitOstNorge_17082024-32.jpg&quot;},{&quot;id&quot;:5453,&quot;url&quot;:&quot;https:\\\/\\\/panhytter.no\\\/wp-content\\\/uploads\\\/2025\\\/10\\\/Coffeevibe_PAN_SOSTUEN_AndreasKokkvoll_VisitOstNorge_17082024-11.jpg&quot;},{&quot;id&quot;:5455,&quot;url&quot;:&quot;https:\\\/\\\/panhytter.no\\\/wp-content\\\/uploads\\\/2025\\\/10\\\/Coffeevibe_PAN_SOSTUEN_AndreasKokkvoll_VisitOstNorge_17082024-63.jpg&quot;},{&quot;id&quot;:1785,&quot;url&quot;:&quot;https:\\\/\\\/panhytter.no\\\/wp-content\\\/uploads\\\/2023\\\/11\\\/0R2A9020.jpg&quot;},{&quot;id&quot;:1904,&quot;url&quot;:&quot;https:\\\/\\\/panhytter.no\\\/wp-content\\\/uploads\\\/2023\\\/12\\\/IMG_4818.jpeg&quot;},{&quot;id&quot;:4287,&quot;url&quot;:&quot;https:\\\/\\\/panhytter.no\\\/wp-content\\\/uploads\\\/2025\\\/09\\\/DSC06438.jpg&quot;},{&quot;id&quot;:1909,&quot;url&quot;:&quot;https:\\\/\\\/panhytter.no\\\/wp-content\\\/uploads\\\/2023\\\/12\\\/IMG_9536.jpeg&quot;},{&quot;id&quot;:1897,&quot;url&quot;:&quot;https:\\\/\\\/panhytter.no\\\/wp-content\\\/uploads\\\/2023\\\/12\\\/IMG_8918.jpeg&quot;},{&quot;id&quot;:1911,&quot;url&quot;:&quot;https:\\\/\\\/panhytter.no\\\/wp-content\\\/uploads\\\/2023\\\/12\\\/IMG_9541.jpeg&quot;},{&quot;id&quot;:1913,&quot;url&quot;:&quot;https:\\\/\\\/panhytter.no\\\/wp-content\\\/uploads\\\/2023\\\/12\\\/IMG_8922.jpeg&quot;},{&quot;id&quot;:1907,&quot;url&quot;:&quot;https:\\\/\\\/panhytter.no\\\/wp-content\\\/uploads\\\/2023\\\/12\\\/IMG_5242.jpeg&quot;}],&quot;background_slideshow_loop&quot;:&quot;yes&quot;,&quot;background_slideshow_slide_duration&quot;:5000,&quot;background_slideshow_slide_transition&quot;:&quot;fade&quot;,&quot;background_slideshow_transition_duration&quot;:500}\">\n\t\t\t\t<\/div>\n\t\t<div class=\"elementor-element elementor-element-afd13db e-con-full e-flex e-con e-child\" data-id=\"afd13db\" data-element_type=\"container\" data-e-type=\"container\">\n\t\t\t\t<div class=\"elementor-element elementor-element-f71e4d5 elementor-widget elementor-widget-heading\" data-id=\"f71e4d5\" data-element_type=\"widget\" data-e-type=\"widget\" data-widget_type=\"heading.default\">\n\t\t\t\t<div class=\"elementor-widget-container\">\n\t\t\t\t\t<h1 class=\"elementor-heading-title elementor-size-default\">Food<\/h1>\t\t\t\t<\/div>\n\t\t\t\t<\/div>\n\t\t\t\t<div class=\"elementor-element elementor-element-7cfd0a4 elementor-widget elementor-widget-text-editor\" data-id=\"7cfd0a4\" data-element_type=\"widget\" data-e-type=\"widget\" data-widget_type=\"text-editor.default\">\n\t\t\t\t<div class=\"elementor-widget-container\">\n\t\t\t\t\t\t\t\t\t<p>At PAN, food can either be ordered to the cabins, or enjoyed at our farm caf\u00e9 nearby.\u00a0<a href=\"https:\/\/sostuen.no\/\" target=\"_blank\" rel=\"noopener\">Caf\u00e9 S\u00f8stuen2280<\/a>\u00a0is a renovated old log house transformed into a caf\u00e9. It is beautifully situated by Gjes\u00e5ssj\u00f8en, providing a serene farm atmosphere where visitors can savor locally roasted coffee.<\/p>\n<p>The caf\u00e9 menu features local, organic, and homemade dishes. Additionally, there\u2019s a charming farm shop in the same location offering carefully selected quality products. Many of these products are used in PAN, so that visitors may purchase them afterwards.<\/p>\n<p>The caf\u00e9 primarily operates during the summer, as well as selected weekends throughout the year.<\/p>\n\t\t\t\t\t\t\t\t<\/div>\n\t\t\t\t<\/div>\n\t\t\t\t<div class=\"elementor-element elementor-element-72ec89f elementor-align-left elementor-tablet-align-center elementor-widget elementor-widget-button\" data-id=\"72ec89f\" data-element_type=\"widget\" data-e-type=\"widget\" data-widget_type=\"button.default\">\n\t\t\t\t<div class=\"elementor-widget-container\">\n\t\t\t\t\t\t\t\t\t<div class=\"elementor-button-wrapper\">\n\t\t\t\t\t<a class=\"elementor-button elementor-button-link elementor-size-sm\" href=\"https:\/\/sostuen.no\/\" target=\"_blank\">\n\t\t\t\t\t\t<span class=\"elementor-button-content-wrapper\">\n\t\t\t\t\t\t\t\t\t<span class=\"elementor-button-text\">S\u00f8stuen2280<\/span>\n\t\t\t\t\t<\/span>\n\t\t\t\t\t<\/a>\n\t\t\t\t<\/div>\n\t\t\t\t\t\t\t\t<\/div>\n\t\t\t\t<\/div>\n\t\t\t\t<div class=\"elementor-element elementor-element-1206952 elementor-align-left elementor-tablet-align-center elementor-widget elementor-widget-button\" data-id=\"1206952\" data-element_type=\"widget\" data-e-type=\"widget\" data-widget_type=\"button.default\">\n\t\t\t\t<div class=\"elementor-widget-container\">\n\t\t\t\t\t\t\t\t\t<div class=\"elementor-button-wrapper\">\n\t\t\t\t\t<a class=\"elementor-button elementor-button-link elementor-size-sm\" href=\"https:\/\/sostuen.no\/\" target=\"_blank\">\n\t\t\t\t\t\t<span class=\"elementor-button-content-wrapper\">\n\t\t\t\t\t\t\t\t\t<span class=\"elementor-button-text\">S\u00f8stuen at Instagram<\/span>\n\t\t\t\t\t<\/span>\n\t\t\t\t\t<\/a>\n\t\t\t\t<\/div>\n\t\t\t\t\t\t\t\t<\/div>\n\t\t\t\t<\/div>\n\t\t\t\t<div class=\"elementor-element elementor-element-441df00 elementor-align-left elementor-tablet-align-center elementor-widget elementor-widget-button\" data-id=\"441df00\" data-element_type=\"widget\" data-e-type=\"widget\" data-widget_type=\"button.default\">\n\t\t\t\t<div class=\"elementor-widget-container\">\n\t\t\t\t\t\t\t\t\t<div class=\"elementor-button-wrapper\">\n\t\t\t\t\t<a class=\"elementor-button elementor-button-link elementor-size-sm\" href=\"https:\/\/sostuen.no\/\" target=\"_blank\">\n\t\t\t\t\t\t<span class=\"elementor-button-content-wrapper\">\n\t\t\t\t\t\t\t\t\t<span class=\"elementor-button-text\">S\u00f8stuen at Facebook<\/span>\n\t\t\t\t\t<\/span>\n\t\t\t\t\t<\/a>\n\t\t\t\t<\/div>\n\t\t\t\t\t\t\t\t<\/div>\n\t\t\t\t<\/div>\n\t\t\t\t<\/div>\n\t\t\t\t<\/div>\n\t\t<div class=\"elementor-element elementor-element-caa0df2 e-con-full e-flex e-con e-parent\" data-id=\"caa0df2\" data-element_type=\"container\" data-e-type=\"container\" data-settings=\"{&quot;background_background&quot;:&quot;classic&quot;}\">\n\t\t\t\t<div class=\"elementor-element elementor-element-b1d9586 elementor-align-center elementor-widget elementor-widget-button\" data-id=\"b1d9586\" data-element_type=\"widget\" data-e-type=\"widget\" data-widget_type=\"button.default\">\n\t\t\t\t<div class=\"elementor-widget-container\">\n\t\t\t\t\t\t\t\t\t<div class=\"elementor-button-wrapper\">\n\t\t\t\t\t<a class=\"elementor-button elementor-button-link elementor-size-sm\" href=\"https:\/\/online.bookvisit.com\/accommodation?channelId=8171729f-ab4e-4c03-aaed-f1bad8a749fa\" target=\"_blank\">\n\t\t\t\t\t\t<span class=\"elementor-button-content-wrapper\">\n\t\t\t\t\t\t\t\t\t<span class=\"elementor-button-text\">Book Now<\/span>\n\t\t\t\t\t<\/span>\n\t\t\t\t\t<\/a>\n\t\t\t\t<\/div>\n\t\t\t\t\t\t\t\t<\/div>\n\t\t\t\t<\/div>\n\t\t\t\t<\/div>\n\t\t\t\t<\/div>\n\t\t","protected":false},"excerpt":{"rendered":"<p>Food The food offering at PAN is a crucial part of our commitment to sustainable tourism. We source our ingredients from local producers and have a selection that varies based on availability and the season. Food At PAN, food can either be ordered to the cabins, or enjoyed at our farm caf\u00e9 nearby.\u00a0Caf\u00e9 S\u00f8stuen2280\u00a0is a [&hellip;]<\/p>\n","protected":false},"author":6,"featured_media":0,"parent":0,"menu_order":0,"comment_status":"closed","ping_status":"closed","template":"","meta":{"footnotes":""},"class_list":["post-2526","page","type-page","status-publish","hentry"],"yoast_head":"<!-- This site is optimized with the Yoast SEO plugin v27.4 - https:\/\/yoast.com\/product\/yoast-seo-wordpress\/ -->\n<title>Food &#8211; Panhytter<\/title>\n<meta name=\"description\" content=\"Enjoy local dishes and coffee at the idyllic S\u00f8stuen2280, a farm caf\u00e9 by Gjes\u00e5ssj\u00f8en. Experience farm tranquility and purchase quality products from our farm shop.\" \/>\n<meta name=\"robots\" content=\"index, follow, max-snippet:-1, max-image-preview:large, max-video-preview:-1\" \/>\n<link rel=\"canonical\" href=\"https:\/\/olivedrab-meerkat-699954.hostingersite.com\/mat\/\" \/>\n<meta property=\"og:locale\" content=\"en_US\" \/>\n<meta property=\"og:type\" content=\"article\" \/>\n<meta property=\"og:title\" content=\"Food &#8211; Panhytter\" \/>\n<meta property=\"og:description\" content=\"Enjoy local dishes and coffee at the idyllic S\u00f8stuen2280, a farm caf\u00e9 by Gjes\u00e5ssj\u00f8en. Experience farm tranquility and purchase quality products from our farm shop.\" \/>\n<meta property=\"og:url\" content=\"https:\/\/olivedrab-meerkat-699954.hostingersite.com\/mat\/\" \/>\n<meta property=\"og:site_name\" content=\"Panhytter\" \/>\n<meta property=\"article:modified_time\" content=\"2025-10-09T07:25:24+00:00\" \/>\n<meta property=\"og:image\" content=\"https:\/\/panhytter.no\/wp-content\/uploads\/2023\/10\/PAN-Photo-Fredrik-Bye-DJI_0050-29-1.jpg\" \/>\n\t<meta property=\"og:image:width\" content=\"1920\" \/>\n\t<meta property=\"og:image:height\" content=\"1081\" \/>\n\t<meta property=\"og:image:type\" content=\"image\/jpeg\" \/>\n<meta name=\"twitter:card\" content=\"summary_large_image\" \/>\n<meta name=\"twitter:label1\" content=\"Est. reading time\" \/>\n\t<meta name=\"twitter:data1\" content=\"1 minute\" \/>\n<script type=\"application\/ld+json\" class=\"yoast-schema-graph\">{\"@context\":\"https:\\\/\\\/schema.org\",\"@graph\":[{\"@type\":\"WebPage\",\"@id\":\"https:\\\/\\\/olivedrab-meerkat-699954.hostingersite.com\\\/mat\\\/\",\"url\":\"https:\\\/\\\/olivedrab-meerkat-699954.hostingersite.com\\\/mat\\\/\",\"name\":\"Food &#8211; Panhytter\",\"isPartOf\":{\"@id\":\"https:\\\/\\\/olivedrab-meerkat-699954.hostingersite.com\\\/#website\"},\"datePublished\":\"2024-01-08T13:28:48+00:00\",\"dateModified\":\"2025-10-09T07:25:24+00:00\",\"description\":\"Enjoy local dishes and coffee at the idyllic S\u00f8stuen2280, a farm caf\u00e9 by Gjes\u00e5ssj\u00f8en. Experience farm tranquility and purchase quality products from our farm shop.\",\"breadcrumb\":{\"@id\":\"https:\\\/\\\/olivedrab-meerkat-699954.hostingersite.com\\\/mat\\\/#breadcrumb\"},\"inLanguage\":\"en-US\",\"potentialAction\":[{\"@type\":\"ReadAction\",\"target\":[\"https:\\\/\\\/olivedrab-meerkat-699954.hostingersite.com\\\/mat\\\/\"]}]},{\"@type\":\"BreadcrumbList\",\"@id\":\"https:\\\/\\\/olivedrab-meerkat-699954.hostingersite.com\\\/mat\\\/#breadcrumb\",\"itemListElement\":[{\"@type\":\"ListItem\",\"position\":1,\"name\":\"Strona g\u0142\u00f3wna\",\"item\":\"https:\\\/\\\/panhytter.no\\\/\"},{\"@type\":\"ListItem\",\"position\":2,\"name\":\"Food\"}]},{\"@type\":\"WebSite\",\"@id\":\"https:\\\/\\\/olivedrab-meerkat-699954.hostingersite.com\\\/#website\",\"url\":\"https:\\\/\\\/olivedrab-meerkat-699954.hostingersite.com\\\/\",\"name\":\"Panhytter\",\"description\":\"Unik overnatting p\u00e5 Finnskogen\",\"publisher\":{\"@id\":\"https:\\\/\\\/olivedrab-meerkat-699954.hostingersite.com\\\/#organization\"},\"potentialAction\":[{\"@type\":\"SearchAction\",\"target\":{\"@type\":\"EntryPoint\",\"urlTemplate\":\"https:\\\/\\\/olivedrab-meerkat-699954.hostingersite.com\\\/?s={search_term_string}\"},\"query-input\":{\"@type\":\"PropertyValueSpecification\",\"valueRequired\":true,\"valueName\":\"search_term_string\"}}],\"inLanguage\":\"en-US\"},{\"@type\":\"Organization\",\"@id\":\"https:\\\/\\\/olivedrab-meerkat-699954.hostingersite.com\\\/#organization\",\"name\":\"Panhytter\",\"url\":\"https:\\\/\\\/olivedrab-meerkat-699954.hostingersite.com\\\/\",\"logo\":{\"@type\":\"ImageObject\",\"inLanguage\":\"en-US\",\"@id\":\"https:\\\/\\\/olivedrab-meerkat-699954.hostingersite.com\\\/#\\\/schema\\\/logo\\\/image\\\/\",\"url\":\"http:\\\/\\\/r1231608.website.cykf2ckdv.service.one\\\/wp-content\\\/uploads\\\/2021\\\/06\\\/logo_t@2x.png\",\"contentUrl\":\"http:\\\/\\\/r1231608.website.cykf2ckdv.service.one\\\/wp-content\\\/uploads\\\/2021\\\/06\\\/logo_t@2x.png\",\"width\":77,\"height\":40,\"caption\":\"Panhytter\"},\"image\":{\"@id\":\"https:\\\/\\\/olivedrab-meerkat-699954.hostingersite.com\\\/#\\\/schema\\\/logo\\\/image\\\/\"}}]}<\/script>\n<!-- \/ Yoast SEO plugin. -->","yoast_head_json":{"title":"Food &#8211; Panhytter","description":"Enjoy local dishes and coffee at the idyllic S\u00f8stuen2280, a farm caf\u00e9 by Gjes\u00e5ssj\u00f8en. Experience farm tranquility and purchase quality products from our farm shop.","robots":{"index":"index","follow":"follow","max-snippet":"max-snippet:-1","max-image-preview":"max-image-preview:large","max-video-preview":"max-video-preview:-1"},"canonical":"https:\/\/olivedrab-meerkat-699954.hostingersite.com\/mat\/","og_locale":"en_US","og_type":"article","og_title":"Food &#8211; Panhytter","og_description":"Enjoy local dishes and coffee at the idyllic S\u00f8stuen2280, a farm caf\u00e9 by Gjes\u00e5ssj\u00f8en. Experience farm tranquility and purchase quality products from our farm shop.","og_url":"https:\/\/olivedrab-meerkat-699954.hostingersite.com\/mat\/","og_site_name":"Panhytter","article_modified_time":"2025-10-09T07:25:24+00:00","og_image":[{"width":1920,"height":1081,"url":"https:\/\/panhytter.no\/wp-content\/uploads\/2023\/10\/PAN-Photo-Fredrik-Bye-DJI_0050-29-1.jpg","type":"image\/jpeg"}],"twitter_card":"summary_large_image","twitter_misc":{"Est. reading time":"1 minute"},"schema":{"@context":"https:\/\/schema.org","@graph":[{"@type":"WebPage","@id":"https:\/\/olivedrab-meerkat-699954.hostingersite.com\/mat\/","url":"https:\/\/olivedrab-meerkat-699954.hostingersite.com\/mat\/","name":"Food &#8211; Panhytter","isPartOf":{"@id":"https:\/\/olivedrab-meerkat-699954.hostingersite.com\/#website"},"datePublished":"2024-01-08T13:28:48+00:00","dateModified":"2025-10-09T07:25:24+00:00","description":"Enjoy local dishes and coffee at the idyllic S\u00f8stuen2280, a farm caf\u00e9 by Gjes\u00e5ssj\u00f8en. Experience farm tranquility and purchase quality products from our farm shop.","breadcrumb":{"@id":"https:\/\/olivedrab-meerkat-699954.hostingersite.com\/mat\/#breadcrumb"},"inLanguage":"en-US","potentialAction":[{"@type":"ReadAction","target":["https:\/\/olivedrab-meerkat-699954.hostingersite.com\/mat\/"]}]},{"@type":"BreadcrumbList","@id":"https:\/\/olivedrab-meerkat-699954.hostingersite.com\/mat\/#breadcrumb","itemListElement":[{"@type":"ListItem","position":1,"name":"Strona g\u0142\u00f3wna","item":"https:\/\/panhytter.no\/"},{"@type":"ListItem","position":2,"name":"Food"}]},{"@type":"WebSite","@id":"https:\/\/olivedrab-meerkat-699954.hostingersite.com\/#website","url":"https:\/\/olivedrab-meerkat-699954.hostingersite.com\/","name":"Panhytter","description":"Unik overnatting p\u00e5 Finnskogen","publisher":{"@id":"https:\/\/olivedrab-meerkat-699954.hostingersite.com\/#organization"},"potentialAction":[{"@type":"SearchAction","target":{"@type":"EntryPoint","urlTemplate":"https:\/\/olivedrab-meerkat-699954.hostingersite.com\/?s={search_term_string}"},"query-input":{"@type":"PropertyValueSpecification","valueRequired":true,"valueName":"search_term_string"}}],"inLanguage":"en-US"},{"@type":"Organization","@id":"https:\/\/olivedrab-meerkat-699954.hostingersite.com\/#organization","name":"Panhytter","url":"https:\/\/olivedrab-meerkat-699954.hostingersite.com\/","logo":{"@type":"ImageObject","inLanguage":"en-US","@id":"https:\/\/olivedrab-meerkat-699954.hostingersite.com\/#\/schema\/logo\/image\/","url":"http:\/\/r1231608.website.cykf2ckdv.service.one\/wp-content\/uploads\/2021\/06\/logo_t@2x.png","contentUrl":"http:\/\/r1231608.website.cykf2ckdv.service.one\/wp-content\/uploads\/2021\/06\/logo_t@2x.png","width":77,"height":40,"caption":"Panhytter"},"image":{"@id":"https:\/\/olivedrab-meerkat-699954.hostingersite.com\/#\/schema\/logo\/image\/"}}]}},"_links":{"self":[{"href":"https:\/\/panhytter.no\/en\/wp-json\/wp\/v2\/pages\/2526","targetHints":{"allow":["GET"]}}],"collection":[{"href":"https:\/\/panhytter.no\/en\/wp-json\/wp\/v2\/pages"}],"about":[{"href":"https:\/\/panhytter.no\/en\/wp-json\/wp\/v2\/types\/page"}],"author":[{"embeddable":true,"href":"https:\/\/panhytter.no\/en\/wp-json\/wp\/v2\/users\/6"}],"replies":[{"embeddable":true,"href":"https:\/\/panhytter.no\/en\/wp-json\/wp\/v2\/comments?post=2526"}],"version-history":[{"count":13,"href":"https:\/\/panhytter.no\/en\/wp-json\/wp\/v2\/pages\/2526\/revisions"}],"predecessor-version":[{"id":5648,"href":"https:\/\/panhytter.no\/en\/wp-json\/wp\/v2\/pages\/2526\/revisions\/5648"}],"wp:attachment":[{"href":"https:\/\/panhytter.no\/en\/wp-json\/wp\/v2\/media?parent=2526"}],"curies":[{"name":"wp","href":"https:\/\/api.w.org\/{rel}","templated":true}]}}